{"id":4451,"date":"2018-02-20T13:41:56","date_gmt":"2018-02-20T12:41:56","guid":{"rendered":"http:\/\/localhost:8888\/wordpress\/?page_id=4451"},"modified":"2018-02-26T15:38:33","modified_gmt":"2018-02-26T14:38:33","slug":"voyages-et-balades","status":"publish","type":"page","link":"https:\/\/www.icasque.com\/liveloveride\/pratiquer-la-moto\/voyages-et-balades\/","title":{"rendered":"Voyages et balades"},"content":{"rendered":"\t\t<div data-elementor-type=\"wp-post\" data-elementor-id=\"4451\" class=\"elementor elementor-4451 elementor-bc-flex-widget\">\n\t\t\t\t\t\t<section class=\"elementor-section elementor-top-section elementor-element elementor-element-190b3e9 elementor-section-boxed elementor-section-height-default elementor-section-height-default\" data-id=\"190b3e9\" data-element_type=\"section\" data-e-type=\"section\">\n\t\t\t\t\t\t<div class=\"elementor-container elementor-column-gap-default\">\n\t\t\t\t\t<div class=\"elementor-column elementor-col-100 elementor-top-column elementor-element elementor-element-272fd95\" data-id=\"272fd95\" data-element_type=\"column\" data-e-type=\"column\">\n\t\t\t<div class=\"elementor-widget-wrap elementor-element-populated\">\n\t\t\t\t\t\t<div class=\"elementor-element elementor-element-57406b3 elementor-widget elementor-widget-heading\" data-id=\"57406b3\" data-element_type=\"widget\" data-e-type=\"widget\" data-widget_type=\"heading.default\">\n\t\t\t\t<div class=\"elementor-widget-container\">\n\t\t\t\t\t<h2 class=\"elementor-heading-title elementor-size-default\">Bien pr\u00e9parer son voyages \u00e0 moto ou ses balades du dimanche<\/h2>\t\t\t\t<\/div>\n\t\t\t\t<\/div>\n\t\t\t\t<div class=\"elementor-element elementor-element-7abbc40 elementor-widget elementor-widget-spacer\" data-id=\"7abbc40\" data-element_type=\"widget\" data-e-type=\"widget\" data-widget_type=\"spacer.default\">\n\t\t\t\t<div class=\"elementor-widget-container\">\n\t\t\t\t\t\t\t<div class=\"elementor-spacer\">\n\t\t\t<div class=\"elementor-spacer-inner\"><\/div>\n\t\t<\/div>\n\t\t\t\t\t\t<\/div>\n\t\t\t\t<\/div>\n\t\t\t\t<div class=\"elementor-element elementor-element-6f5c3cc elementor-widget elementor-widget-text-editor\" data-id=\"6f5c3cc\" data-element_type=\"widget\" data-e-type=\"widget\" data-widget_type=\"text-editor.default\">\n\t\t\t\t<div class=\"elementor-widget-container\">\n\t\t\t\t\t\t\t\t\t<p><strong>Partir en voyage \u00e0 moto<\/strong> ne s&#8217;improvise pas et n\u00e9cessite un peu d&#8217;organisation.<br \/>Bien <strong>pr\u00e9parer son itin\u00e9raire<\/strong>, savoir charger correctement les valises sur sa moto pour bien \u00e9quilibrer les charges ou encore ne pas oublier les <strong>\u00e9quipements indispensables<\/strong> sont autant de questions qu&#8217;il faudra se poser avant de partir \u00e0 l&#8217;aventure.<\/p><p>Pour vous aider \u00e0 <strong>bien pr\u00e9parer votre voyage moto<\/strong>, vous trouverez des conseils, des astuces qui vous aideront tant dans la planification de votre trajet que dans le choix de vos \u00e9quipements.<\/p><p>Si les longs voyages \u00e0 moto font r\u00eaver, les balades du week-end ne sont pas d\u00e9sagr\u00e9ables non plus et sont relativement plus simples \u00e0 programmer. Cela dit, ne partez pas sur un coup de t\u00eate sans avoir pens\u00e9 aux \u00e9quipements n\u00e9cessaires ou sans avoir v\u00e9rifier la m\u00e9t\u00e9o sur le lieu de votre destination au risque de voir votre balade moto tourner \u00e0 la catastophe.<\/p><p>Alors voyage ou balade moto, lisez nos conseils pour partir serein et rouler longuement en toute s\u00e9curit\u00e9.<\/p>\t\t\t\t\t\t\t\t<\/div>\n\t\t\t\t<\/div>\n\t\t\t\t<div class=\"elementor-element elementor-element-8542fdf elementor-widget-divider--view-line elementor-widget elementor-widget-divider\" data-id=\"8542fdf\" data-element_type=\"widget\" data-e-type=\"widget\" data-widget_type=\"divider.default\">\n\t\t\t\t<div class=\"elementor-widget-container\">\n\t\t\t\t\t\t\t<div class=\"elementor-divider\">\n\t\t\t<span class=\"elementor-divider-separator\">\n\t\t\t\t\t\t<\/span>\n\t\t<\/div>\n\t\t\t\t\t\t<\/div>\n\t\t\t\t<\/div>\n\t\t\t\t<div class=\"elementor-element elementor-element-b740870 elementor-widget elementor-widget-image\" data-id=\"b740870\" data-element_type=\"widget\" data-e-type=\"widget\" data-widget_type=\"image.default\">\n\t\t\t\t<div class=\"elementor-widget-container\">\n\t\t\t\t\t\t\t\t\t\t\t\t<figure class=\"wp-caption\">\n\t\t\t\t\t\t\t\t\t\t\t<a href=\"https:\/\/www.icasque.com\/Accessoires-moto\/Bagagerie-Moto-Scooter\/\">\n\t\t\t\t\t\t\t<img fetchpriority=\"high\" decoding=\"async\" width=\"1024\" height=\"512\" src=\"https:\/\/www.icasque.com\/liveloveride\/wp-content\/uploads\/2017\/06\/tour-de-bretagne-3-1024x512.jpg\" class=\"attachment-large size-large wp-image-4160\" alt=\"tour de bretagne 3\" srcset=\"https:\/\/www.icasque.com\/liveloveride\/wp-content\/uploads\/2017\/06\/tour-de-bretagne-3-1024x512.jpg 1024w, https:\/\/www.icasque.com\/liveloveride\/wp-content\/uploads\/2017\/06\/tour-de-bretagne-3-300x150.jpg 300w, https:\/\/www.icasque.com\/liveloveride\/wp-content\/uploads\/2017\/06\/tour-de-bretagne-3-768x384.jpg 768w, https:\/\/www.icasque.com\/liveloveride\/wp-content\/uploads\/2017\/06\/tour-de-bretagne-3.jpg 1200w\" sizes=\"(max-width: 1024px) 100vw, 1024px\" \/>\t\t\t\t\t\t\t\t<\/a>\n\t\t\t\t\t\t\t\t\t\t\t<figcaption class=\"widget-image-caption wp-caption-text\">ici mettre un visuel d'autopromo qui pointe vers le rayon bagagerie<\/figcaption>\n\t\t\t\t\t\t\t\t\t\t<\/figure>\n\t\t\t\t\t\t\t\t\t<\/div>\n\t\t\t\t<\/div>\n\t\t\t\t\t<\/div>\n\t\t<\/div>\n\t\t\t\t\t<\/div>\n\t\t<\/section>\n\t\t\t\t<\/div>\n\t\t","protected":false},"excerpt":{"rendered":"<p>Bien pr\u00e9parer son voyages \u00e0 moto ou ses balades du dimanche Partir en voyage \u00e0 moto ne s&#8217;improvise pas et n\u00e9cessite un peu d&#8217;organisation.Bien pr\u00e9parer son itin\u00e9raire, savoir charger correctement les valises sur sa moto pour bien \u00e9quilibrer les charges ou encore ne pas oublier les \u00e9quipements indispensables sont autant de questions qu&#8217;il faudra se [&hellip;]<\/p>\n","protected":false},"author":6,"featured_media":5273,"parent":4,"menu_order":0,"comment_status":"closed","ping_status":"closed","template":"","meta":{"_lmt_disableupdate":"","_lmt_disable":"","footnotes":""},"class_list":["post-4451","page","type-page","status-publish","has-post-thumbnail","hentry"],"yoast_head":"<!-- This site is optimized with the Yoast SEO plugin v27.5 - https:\/\/yoast.com\/product\/yoast-seo-wordpress\/ -->\n<title>Bien pr\u00e9parer un voyage moto | conseils, itin\u00e9raires pour voyage et balade moto<\/title>\n<meta name=\"description\" content=\"Vous envisagez un voyage \u00e0 moto ou une balade d&#039;une journ\u00e9e, plusieurs pr\u00e9cautions s&#039;imposent ! Bien pr\u00e9parer son itin\u00e9raire, \u00e9quilibrer correctement ses bagages sur la moto, pr\u00e9voir le bon \u00e9quipement ... Retrouvez tous nos conseils et asutuces r\u00e9dig\u00e9s par des motards, pour vous motards !\" \/>\n<meta name=\"robots\" content=\"index, follow, max-snippet:-1, max-image-preview:large, max-video-preview:-1\" \/>\n<link rel=\"canonical\" href=\"https:\/\/www.icasque.com\/liveloveride\/pratiquer-la-moto\/voyages-et-balades\/\" \/>\n<meta property=\"og:locale\" content=\"fr_FR\" \/>\n<meta property=\"og:type\" content=\"article\" \/>\n<meta property=\"og:title\" content=\"Bien pr\u00e9parer un voyage moto | conseils, itin\u00e9raires pour voyage et balade moto\" \/>\n<meta property=\"og:description\" content=\"Vous envisagez un voyage \u00e0 moto ou une balade d&#039;une journ\u00e9e, plusieurs pr\u00e9cautions s&#039;imposent ! Bien pr\u00e9parer son itin\u00e9raire, \u00e9quilibrer correctement ses bagages sur la moto, pr\u00e9voir le bon \u00e9quipement ... Retrouvez tous nos conseils et asutuces r\u00e9dig\u00e9s par des motards, pour vous motards !\" \/>\n<meta property=\"og:url\" content=\"https:\/\/www.icasque.com\/liveloveride\/pratiquer-la-moto\/voyages-et-balades\/\" \/>\n<meta property=\"og:site_name\" content=\"Le blog iCasque\" \/>\n<meta property=\"article:modified_time\" content=\"2018-02-26T14:38:33+00:00\" \/>\n<meta property=\"og:image\" content=\"https:\/\/www.icasque.com\/liveloveride\/wp-content\/uploads\/2018\/02\/motorcycle-415898_1280.jpg\" \/>\n\t<meta property=\"og:image:width\" content=\"1280\" \/>\n\t<meta property=\"og:image:height\" content=\"853\" \/>\n\t<meta property=\"og:image:type\" content=\"image\/jpeg\" \/>\n<meta name=\"twitter:card\" content=\"summary_large_image\" \/>\n<meta name=\"twitter:label1\" content=\"Dur\u00e9e de lecture estim\u00e9e\" \/>\n\t<meta name=\"twitter:data1\" content=\"1 minute\" \/>\n<script type=\"application\/ld+json\" class=\"yoast-schema-graph\">{\"@context\":\"https:\\\/\\\/schema.org\",\"@graph\":[{\"@type\":\"WebPage\",\"@id\":\"https:\\\/\\\/www.icasque.com\\\/liveloveride\\\/pratiquer-la-moto\\\/voyages-et-balades\\\/\",\"url\":\"https:\\\/\\\/www.icasque.com\\\/liveloveride\\\/pratiquer-la-moto\\\/voyages-et-balades\\\/\",\"name\":\"Bien pr\u00e9parer un voyage moto | conseils, itin\u00e9raires pour voyage et balade moto\",\"isPartOf\":{\"@id\":\"https:\\\/\\\/www.icasque.com\\\/liveloveride\\\/#website\"},\"primaryImageOfPage\":{\"@id\":\"https:\\\/\\\/www.icasque.com\\\/liveloveride\\\/pratiquer-la-moto\\\/voyages-et-balades\\\/#primaryimage\"},\"image\":{\"@id\":\"https:\\\/\\\/www.icasque.com\\\/liveloveride\\\/pratiquer-la-moto\\\/voyages-et-balades\\\/#primaryimage\"},\"thumbnailUrl\":\"https:\\\/\\\/www.icasque.com\\\/liveloveride\\\/wp-content\\\/uploads\\\/2018\\\/02\\\/motorcycle-415898_1280.jpg\",\"datePublished\":\"2018-02-20T12:41:56+00:00\",\"dateModified\":\"2018-02-26T14:38:33+00:00\",\"description\":\"Vous envisagez un voyage \u00e0 moto ou une balade d'une journ\u00e9e, plusieurs pr\u00e9cautions s'imposent ! Bien pr\u00e9parer son itin\u00e9raire, \u00e9quilibrer correctement ses bagages sur la moto, pr\u00e9voir le bon \u00e9quipement ... Retrouvez tous nos conseils et asutuces r\u00e9dig\u00e9s par des motards, pour vous motards !\",\"breadcrumb\":{\"@id\":\"https:\\\/\\\/www.icasque.com\\\/liveloveride\\\/pratiquer-la-moto\\\/voyages-et-balades\\\/#breadcrumb\"},\"inLanguage\":\"fr-FR\",\"potentialAction\":[{\"@type\":\"ReadAction\",\"target\":[\"https:\\\/\\\/www.icasque.com\\\/liveloveride\\\/pratiquer-la-moto\\\/voyages-et-balades\\\/\"]}]},{\"@type\":\"ImageObject\",\"inLanguage\":\"fr-FR\",\"@id\":\"https:\\\/\\\/www.icasque.com\\\/liveloveride\\\/pratiquer-la-moto\\\/voyages-et-balades\\\/#primaryimage\",\"url\":\"https:\\\/\\\/www.icasque.com\\\/liveloveride\\\/wp-content\\\/uploads\\\/2018\\\/02\\\/motorcycle-415898_1280.jpg\",\"contentUrl\":\"https:\\\/\\\/www.icasque.com\\\/liveloveride\\\/wp-content\\\/uploads\\\/2018\\\/02\\\/motorcycle-415898_1280.jpg\",\"width\":1280,\"height\":853,\"caption\":\"motorcycle 415898 1280\"},{\"@type\":\"BreadcrumbList\",\"@id\":\"https:\\\/\\\/www.icasque.com\\\/liveloveride\\\/pratiquer-la-moto\\\/voyages-et-balades\\\/#breadcrumb\",\"itemListElement\":[{\"@type\":\"ListItem\",\"position\":1,\"name\":\"Accueil\",\"item\":\"https:\\\/\\\/www.icasque.com\\\/liveloveride\\\/\"},{\"@type\":\"ListItem\",\"position\":2,\"name\":\"Pratiquer la moto\",\"item\":\"https:\\\/\\\/www.icasque.com\\\/liveloveride\\\/pratiquer-la-moto\\\/\"},{\"@type\":\"ListItem\",\"position\":3,\"name\":\"Voyages et balades\"}]},{\"@type\":\"WebSite\",\"@id\":\"https:\\\/\\\/www.icasque.com\\\/liveloveride\\\/#website\",\"url\":\"https:\\\/\\\/www.icasque.com\\\/liveloveride\\\/\",\"name\":\"Le blog iCasque\",\"description\":\"Le blog moto\",\"publisher\":{\"@id\":\"https:\\\/\\\/www.icasque.com\\\/liveloveride\\\/#organization\"},\"potentialAction\":[{\"@type\":\"SearchAction\",\"target\":{\"@type\":\"EntryPoint\",\"urlTemplate\":\"https:\\\/\\\/www.icasque.com\\\/liveloveride\\\/?s={search_term_string}\"},\"query-input\":{\"@type\":\"PropertyValueSpecification\",\"valueRequired\":true,\"valueName\":\"search_term_string\"}}],\"inLanguage\":\"fr-FR\"},{\"@type\":\"Organization\",\"@id\":\"https:\\\/\\\/www.icasque.com\\\/liveloveride\\\/#organization\",\"name\":\"ICC\",\"url\":\"https:\\\/\\\/www.icasque.com\\\/liveloveride\\\/\",\"logo\":{\"@type\":\"ImageObject\",\"inLanguage\":\"fr-FR\",\"@id\":\"https:\\\/\\\/www.icasque.com\\\/liveloveride\\\/#\\\/schema\\\/logo\\\/image\\\/\",\"url\":\"https:\\\/\\\/www.icasque.com\\\/liveloveride\\\/wp-content\\\/uploads\\\/2018\\\/02\\\/logo-icasque_1200x1200-e1519038889300.jpg\",\"contentUrl\":\"https:\\\/\\\/www.icasque.com\\\/liveloveride\\\/wp-content\\\/uploads\\\/2018\\\/02\\\/logo-icasque_1200x1200-e1519038889300.jpg\",\"width\":150,\"height\":150,\"caption\":\"ICC\"},\"image\":{\"@id\":\"https:\\\/\\\/www.icasque.com\\\/liveloveride\\\/#\\\/schema\\\/logo\\\/image\\\/\"}}]}<\/script>\n<!-- \/ Yoast SEO plugin. -->","yoast_head_json":{"title":"Bien pr\u00e9parer un voyage moto | conseils, itin\u00e9raires pour voyage et balade moto","description":"Vous envisagez un voyage \u00e0 moto ou une balade d'une journ\u00e9e, plusieurs pr\u00e9cautions s'imposent ! Bien pr\u00e9parer son itin\u00e9raire, \u00e9quilibrer correctement ses bagages sur la moto, pr\u00e9voir le bon \u00e9quipement ... Retrouvez tous nos conseils et asutuces r\u00e9dig\u00e9s par des motards, pour vous motards !","robots":{"index":"index","follow":"follow","max-snippet":"max-snippet:-1","max-image-preview":"max-image-preview:large","max-video-preview":"max-video-preview:-1"},"canonical":"https:\/\/www.icasque.com\/liveloveride\/pratiquer-la-moto\/voyages-et-balades\/","og_locale":"fr_FR","og_type":"article","og_title":"Bien pr\u00e9parer un voyage moto | conseils, itin\u00e9raires pour voyage et balade moto","og_description":"Vous envisagez un voyage \u00e0 moto ou une balade d'une journ\u00e9e, plusieurs pr\u00e9cautions s'imposent ! Bien pr\u00e9parer son itin\u00e9raire, \u00e9quilibrer correctement ses bagages sur la moto, pr\u00e9voir le bon \u00e9quipement ... Retrouvez tous nos conseils et asutuces r\u00e9dig\u00e9s par des motards, pour vous motards !","og_url":"https:\/\/www.icasque.com\/liveloveride\/pratiquer-la-moto\/voyages-et-balades\/","og_site_name":"Le blog iCasque","article_modified_time":"2018-02-26T14:38:33+00:00","og_image":[{"width":1280,"height":853,"url":"https:\/\/www.icasque.com\/liveloveride\/wp-content\/uploads\/2018\/02\/motorcycle-415898_1280.jpg","type":"image\/jpeg"}],"twitter_card":"summary_large_image","twitter_misc":{"Dur\u00e9e de lecture estim\u00e9e":"1 minute"},"schema":{"@context":"https:\/\/schema.org","@graph":[{"@type":"WebPage","@id":"https:\/\/www.icasque.com\/liveloveride\/pratiquer-la-moto\/voyages-et-balades\/","url":"https:\/\/www.icasque.com\/liveloveride\/pratiquer-la-moto\/voyages-et-balades\/","name":"Bien pr\u00e9parer un voyage moto | conseils, itin\u00e9raires pour voyage et balade moto","isPartOf":{"@id":"https:\/\/www.icasque.com\/liveloveride\/#website"},"primaryImageOfPage":{"@id":"https:\/\/www.icasque.com\/liveloveride\/pratiquer-la-moto\/voyages-et-balades\/#primaryimage"},"image":{"@id":"https:\/\/www.icasque.com\/liveloveride\/pratiquer-la-moto\/voyages-et-balades\/#primaryimage"},"thumbnailUrl":"https:\/\/www.icasque.com\/liveloveride\/wp-content\/uploads\/2018\/02\/motorcycle-415898_1280.jpg","datePublished":"2018-02-20T12:41:56+00:00","dateModified":"2018-02-26T14:38:33+00:00","description":"Vous envisagez un voyage \u00e0 moto ou une balade d'une journ\u00e9e, plusieurs pr\u00e9cautions s'imposent ! Bien pr\u00e9parer son itin\u00e9raire, \u00e9quilibrer correctement ses bagages sur la moto, pr\u00e9voir le bon \u00e9quipement ... Retrouvez tous nos conseils et asutuces r\u00e9dig\u00e9s par des motards, pour vous motards !","breadcrumb":{"@id":"https:\/\/www.icasque.com\/liveloveride\/pratiquer-la-moto\/voyages-et-balades\/#breadcrumb"},"inLanguage":"fr-FR","potentialAction":[{"@type":"ReadAction","target":["https:\/\/www.icasque.com\/liveloveride\/pratiquer-la-moto\/voyages-et-balades\/"]}]},{"@type":"ImageObject","inLanguage":"fr-FR","@id":"https:\/\/www.icasque.com\/liveloveride\/pratiquer-la-moto\/voyages-et-balades\/#primaryimage","url":"https:\/\/www.icasque.com\/liveloveride\/wp-content\/uploads\/2018\/02\/motorcycle-415898_1280.jpg","contentUrl":"https:\/\/www.icasque.com\/liveloveride\/wp-content\/uploads\/2018\/02\/motorcycle-415898_1280.jpg","width":1280,"height":853,"caption":"motorcycle 415898 1280"},{"@type":"BreadcrumbList","@id":"https:\/\/www.icasque.com\/liveloveride\/pratiquer-la-moto\/voyages-et-balades\/#breadcrumb","itemListElement":[{"@type":"ListItem","position":1,"name":"Accueil","item":"https:\/\/www.icasque.com\/liveloveride\/"},{"@type":"ListItem","position":2,"name":"Pratiquer la moto","item":"https:\/\/www.icasque.com\/liveloveride\/pratiquer-la-moto\/"},{"@type":"ListItem","position":3,"name":"Voyages et balades"}]},{"@type":"WebSite","@id":"https:\/\/www.icasque.com\/liveloveride\/#website","url":"https:\/\/www.icasque.com\/liveloveride\/","name":"Le blog iCasque","description":"Le blog moto","publisher":{"@id":"https:\/\/www.icasque.com\/liveloveride\/#organization"},"potentialAction":[{"@type":"SearchAction","target":{"@type":"EntryPoint","urlTemplate":"https:\/\/www.icasque.com\/liveloveride\/?s={search_term_string}"},"query-input":{"@type":"PropertyValueSpecification","valueRequired":true,"valueName":"search_term_string"}}],"inLanguage":"fr-FR"},{"@type":"Organization","@id":"https:\/\/www.icasque.com\/liveloveride\/#organization","name":"ICC","url":"https:\/\/www.icasque.com\/liveloveride\/","logo":{"@type":"ImageObject","inLanguage":"fr-FR","@id":"https:\/\/www.icasque.com\/liveloveride\/#\/schema\/logo\/image\/","url":"https:\/\/www.icasque.com\/liveloveride\/wp-content\/uploads\/2018\/02\/logo-icasque_1200x1200-e1519038889300.jpg","contentUrl":"https:\/\/www.icasque.com\/liveloveride\/wp-content\/uploads\/2018\/02\/logo-icasque_1200x1200-e1519038889300.jpg","width":150,"height":150,"caption":"ICC"},"image":{"@id":"https:\/\/www.icasque.com\/liveloveride\/#\/schema\/logo\/image\/"}}]}},"_links":{"self":[{"href":"https:\/\/www.icasque.com\/liveloveride\/wp-json\/wp\/v2\/pages\/4451","targetHints":{"allow":["GET"]}}],"collection":[{"href":"https:\/\/www.icasque.com\/liveloveride\/wp-json\/wp\/v2\/pages"}],"about":[{"href":"https:\/\/www.icasque.com\/liveloveride\/wp-json\/wp\/v2\/types\/page"}],"author":[{"embeddable":true,"href":"https:\/\/www.icasque.com\/liveloveride\/wp-json\/wp\/v2\/users\/6"}],"replies":[{"embeddable":true,"href":"https:\/\/www.icasque.com\/liveloveride\/wp-json\/wp\/v2\/comments?post=4451"}],"version-history":[{"count":5,"href":"https:\/\/www.icasque.com\/liveloveride\/wp-json\/wp\/v2\/pages\/4451\/revisions"}],"predecessor-version":[{"id":5787,"href":"https:\/\/www.icasque.com\/liveloveride\/wp-json\/wp\/v2\/pages\/4451\/revisions\/5787"}],"up":[{"embeddable":true,"href":"https:\/\/www.icasque.com\/liveloveride\/wp-json\/wp\/v2\/pages\/4"}],"wp:featuredmedia":[{"embeddable":true,"href":"https:\/\/www.icasque.com\/liveloveride\/wp-json\/wp\/v2\/media\/5273"}],"wp:attachment":[{"href":"https:\/\/www.icasque.com\/liveloveride\/wp-json\/wp\/v2\/media?parent=4451"}],"curies":[{"name":"wp","href":"https:\/\/api.w.org\/{rel}","templated":true}]}}