{"id":4524,"date":"2018-02-20T16:13:05","date_gmt":"2018-02-20T15:13:05","guid":{"rendered":"http:\/\/localhost:8888\/wordpress\/?page_id=4524"},"modified":"2024-11-06T12:13:23","modified_gmt":"2024-11-06T11:13:23","slug":"entretien-equipement-moto","status":"publish","type":"page","link":"https:\/\/www.icasque.com\/liveloveride\/entretenir\/entretien-equipement-moto\/","title":{"rendered":"Entretien equipement moto"},"content":{"rendered":"\t\t<div data-elementor-type=\"wp-post\" data-elementor-id=\"4524\" class=\"elementor elementor-4524\">\n\t\t\t\t\t\t<section class=\"elementor-section elementor-top-section elementor-element elementor-element-dad89b9 elementor-section-boxed elementor-section-height-default elementor-section-height-default\" data-id=\"dad89b9\" data-element_type=\"section\" data-e-type=\"section\">\n\t\t\t\t\t\t<div class=\"elementor-container elementor-column-gap-default\">\n\t\t\t\t\t<div class=\"elementor-column elementor-col-100 elementor-top-column elementor-element elementor-element-5557777\" data-id=\"5557777\" data-element_type=\"column\" data-e-type=\"column\">\n\t\t\t<div class=\"elementor-widget-wrap elementor-element-populated\">\n\t\t\t\t\t\t<div class=\"elementor-element elementor-element-73153be elementor-widget elementor-widget-heading\" data-id=\"73153be\" data-element_type=\"widget\" data-e-type=\"widget\" data-widget_type=\"heading.default\">\n\t\t\t\t<div class=\"elementor-widget-container\">\n\t\t\t\t\t<h2 class=\"elementor-heading-title elementor-size-default\">Bien entretenir son \u00e9quipement moto<\/h2>\t\t\t\t<\/div>\n\t\t\t\t<\/div>\n\t\t\t\t<div class=\"elementor-element elementor-element-92baae5 elementor-widget elementor-widget-spacer\" data-id=\"92baae5\" data-element_type=\"widget\" data-e-type=\"widget\" data-widget_type=\"spacer.default\">\n\t\t\t\t<div class=\"elementor-widget-container\">\n\t\t\t\t\t\t\t<div class=\"elementor-spacer\">\n\t\t\t<div class=\"elementor-spacer-inner\"><\/div>\n\t\t<\/div>\n\t\t\t\t\t\t<\/div>\n\t\t\t\t<\/div>\n\t\t\t\t<div class=\"elementor-element elementor-element-d15fef1 elementor-widget elementor-widget-text-editor\" data-id=\"d15fef1\" data-element_type=\"widget\" data-e-type=\"widget\" data-widget_type=\"text-editor.default\">\n\t\t\t\t<div class=\"elementor-widget-container\">\n\t\t\t\t\t\t\t\t\t<p>On l&#8217;a choisi avec amour, on le porte avec fiert\u00e9, oui on l&#8217;aime son \u00e9quipement moto et on veut en prendre soin ! Par exp\u00e9rience, nous savons que les questions li\u00e9es \u00e0 l&#8217;entretien de son \u00e9quipement moto peuvent \u00eatre nombreuses. Comment nettoyer un <a href=\"https:\/\/www.icasque.com\/Equipement-moto\/Blouson-Moto\/textile\/\">blouson textile<\/a> ? Comment enlever une t\u00e2che de gras sur un <a href=\"https:\/\/www.icasque.com\/Equipement-moto\/Blouson-Moto\/cuir\/\">blouson moto cuir<\/a> ? Bien nettoyer l&#8217;int\u00e9rieur de ses gants moto&#8230; Gr\u00e2ce \u00e0 un entretien r\u00e9gulier, votre \u00e9quipement moto restera en bon \u00e9tat et vous am\u00e9liorerez ainsi sa dur\u00e9e de vie.\u00a0<\/p><p>Retrouvez donc ici tous nos conseils et astuces pour bien entretenir vos \u00e9quipements moto et n&#8217;h\u00e9sitez pas \u00e0 partager les votre en commentaires !\u00a0<\/p>\t\t\t\t\t\t\t\t<\/div>\n\t\t\t\t<\/div>\n\t\t\t\t<div class=\"elementor-element elementor-element-cdec981 elementor-widget elementor-widget-spacer\" data-id=\"cdec981\" data-element_type=\"widget\" data-e-type=\"widget\" data-widget_type=\"spacer.default\">\n\t\t\t\t<div class=\"elementor-widget-container\">\n\t\t\t\t\t\t\t<div class=\"elementor-spacer\">\n\t\t\t<div class=\"elementor-spacer-inner\"><\/div>\n\t\t<\/div>\n\t\t\t\t\t\t<\/div>\n\t\t\t\t<\/div>\n\t\t\t\t<div class=\"elementor-element elementor-element-c5ab7a8 elementor-widget elementor-widget-posts\" data-id=\"c5ab7a8\" data-element_type=\"widget\" data-e-type=\"widget\" data-widget_type=\"posts.default\">\n\t\t\t\t<div class=\"elementor-widget-container\">\n\t\t\t\t\t \t\t\t\t<\/div>\n\t\t\t\t<\/div>\n\t\t\t\t\t<\/div>\n\t\t<\/div>\n\t\t\t\t\t<\/div>\n\t\t<\/section>\n\t\t\t\t<\/div>\n\t\t","protected":false},"excerpt":{"rendered":"<p>Bien entretenir son \u00e9quipement moto On l&#8217;a choisi avec amour, on le porte avec fiert\u00e9, oui on l&#8217;aime son \u00e9quipement moto et on veut en prendre soin ! Par exp\u00e9rience, nous savons que les questions li\u00e9es \u00e0 l&#8217;entretien de son \u00e9quipement moto peuvent \u00eatre nombreuses. Comment nettoyer un blouson textile ? Comment enlever une t\u00e2che [&hellip;]<\/p>\n","protected":false},"author":6,"featured_media":5315,"parent":4518,"menu_order":0,"comment_status":"closed","ping_status":"closed","template":"","meta":{"_lmt_disableupdate":"","_lmt_disable":"","footnotes":""},"class_list":["post-4524","page","type-page","status-publish","has-post-thumbnail","hentry"],"yoast_head":"<!-- This site is optimized with the Yoast SEO plugin v27.5 - https:\/\/yoast.com\/product\/yoast-seo-wordpress\/ -->\n<title>Bien entretenir son \u00e9quipement moto : Conseils et astuces<\/title>\n<meta name=\"description\" content=\"Bien entretenir votre \u00e9quipement moto allongera la dur\u00e9e de vie de celui-ci \u00e0 condition que vous appliquiez les bonnes m\u00e9thodes ! Comment redonner de la brillance \u00e0 son blouson moto en cuir, quels produits d&#039;entretien pour des \u00e9quipements en textile, assainir ses gants moto ... vous recherchez des conseils pour entretenir votre \u00e9quipement moto, suivez le guide !\" \/>\n<meta name=\"robots\" content=\"index, follow, max-snippet:-1, max-image-preview:large, max-video-preview:-1\" \/>\n<link rel=\"canonical\" href=\"https:\/\/www.icasque.com\/liveloveride\/entretenir\/entretien-equipement-moto\/\" \/>\n<meta property=\"og:locale\" content=\"fr_FR\" \/>\n<meta property=\"og:type\" content=\"article\" \/>\n<meta property=\"og:title\" content=\"Bien entretenir son \u00e9quipement moto : Conseils et astuces\" \/>\n<meta property=\"og:description\" content=\"Bien entretenir votre \u00e9quipement moto allongera la dur\u00e9e de vie de celui-ci \u00e0 condition que vous appliquiez les bonnes m\u00e9thodes ! Comment redonner de la brillance \u00e0 son blouson moto en cuir, quels produits d&#039;entretien pour des \u00e9quipements en textile, assainir ses gants moto ... vous recherchez des conseils pour entretenir votre \u00e9quipement moto, suivez le guide !\" \/>\n<meta property=\"og:url\" content=\"https:\/\/www.icasque.com\/liveloveride\/entretenir\/entretien-equipement-moto\/\" \/>\n<meta property=\"og:site_name\" content=\"Le blog iCasque\" \/>\n<meta property=\"article:modified_time\" content=\"2024-11-06T11:13:23+00:00\" \/>\n<meta property=\"og:image\" content=\"https:\/\/www.icasque.com\/liveloveride\/wp-content\/uploads\/2018\/02\/nettoyage-et-entretien.png\" \/>\n\t<meta property=\"og:image:width\" content=\"600\" \/>\n\t<meta property=\"og:image:height\" content=\"338\" \/>\n\t<meta property=\"og:image:type\" content=\"image\/png\" \/>\n<meta name=\"twitter:card\" content=\"summary_large_image\" \/>\n<meta name=\"twitter:label1\" content=\"Dur\u00e9e de lecture estim\u00e9e\" \/>\n\t<meta name=\"twitter:data1\" content=\"1 minute\" \/>\n<script type=\"application\/ld+json\" class=\"yoast-schema-graph\">{\"@context\":\"https:\\\/\\\/schema.org\",\"@graph\":[{\"@type\":\"WebPage\",\"@id\":\"https:\\\/\\\/www.icasque.com\\\/liveloveride\\\/entretenir\\\/entretien-equipement-moto\\\/\",\"url\":\"https:\\\/\\\/www.icasque.com\\\/liveloveride\\\/entretenir\\\/entretien-equipement-moto\\\/\",\"name\":\"Bien entretenir son \u00e9quipement moto : Conseils et astuces\",\"isPartOf\":{\"@id\":\"https:\\\/\\\/www.icasque.com\\\/liveloveride\\\/#website\"},\"primaryImageOfPage\":{\"@id\":\"https:\\\/\\\/www.icasque.com\\\/liveloveride\\\/entretenir\\\/entretien-equipement-moto\\\/#primaryimage\"},\"image\":{\"@id\":\"https:\\\/\\\/www.icasque.com\\\/liveloveride\\\/entretenir\\\/entretien-equipement-moto\\\/#primaryimage\"},\"thumbnailUrl\":\"https:\\\/\\\/www.icasque.com\\\/liveloveride\\\/wp-content\\\/uploads\\\/2018\\\/02\\\/nettoyage-et-entretien.png\",\"datePublished\":\"2018-02-20T15:13:05+00:00\",\"dateModified\":\"2024-11-06T11:13:23+00:00\",\"description\":\"Bien entretenir votre \u00e9quipement moto allongera la dur\u00e9e de vie de celui-ci \u00e0 condition que vous appliquiez les bonnes m\u00e9thodes ! Comment redonner de la brillance \u00e0 son blouson moto en cuir, quels produits d'entretien pour des \u00e9quipements en textile, assainir ses gants moto ... vous recherchez des conseils pour entretenir votre \u00e9quipement moto, suivez le guide !\",\"breadcrumb\":{\"@id\":\"https:\\\/\\\/www.icasque.com\\\/liveloveride\\\/entretenir\\\/entretien-equipement-moto\\\/#breadcrumb\"},\"inLanguage\":\"fr-FR\",\"potentialAction\":[{\"@type\":\"ReadAction\",\"target\":[\"https:\\\/\\\/www.icasque.com\\\/liveloveride\\\/entretenir\\\/entretien-equipement-moto\\\/\"]}]},{\"@type\":\"ImageObject\",\"inLanguage\":\"fr-FR\",\"@id\":\"https:\\\/\\\/www.icasque.com\\\/liveloveride\\\/entretenir\\\/entretien-equipement-moto\\\/#primaryimage\",\"url\":\"https:\\\/\\\/www.icasque.com\\\/liveloveride\\\/wp-content\\\/uploads\\\/2018\\\/02\\\/nettoyage-et-entretien.png\",\"contentUrl\":\"https:\\\/\\\/www.icasque.com\\\/liveloveride\\\/wp-content\\\/uploads\\\/2018\\\/02\\\/nettoyage-et-entretien.png\",\"width\":600,\"height\":338,\"caption\":\"nettoyage et entretien\"},{\"@type\":\"BreadcrumbList\",\"@id\":\"https:\\\/\\\/www.icasque.com\\\/liveloveride\\\/entretenir\\\/entretien-equipement-moto\\\/#breadcrumb\",\"itemListElement\":[{\"@type\":\"ListItem\",\"position\":1,\"name\":\"Accueil\",\"item\":\"https:\\\/\\\/www.icasque.com\\\/liveloveride\\\/\"},{\"@type\":\"ListItem\",\"position\":2,\"name\":\"Entretenir\",\"item\":\"https:\\\/\\\/www.icasque.com\\\/liveloveride\\\/entretenir\\\/\"},{\"@type\":\"ListItem\",\"position\":3,\"name\":\"Entretien equipement moto\"}]},{\"@type\":\"WebSite\",\"@id\":\"https:\\\/\\\/www.icasque.com\\\/liveloveride\\\/#website\",\"url\":\"https:\\\/\\\/www.icasque.com\\\/liveloveride\\\/\",\"name\":\"Le blog iCasque\",\"description\":\"Le blog moto\",\"publisher\":{\"@id\":\"https:\\\/\\\/www.icasque.com\\\/liveloveride\\\/#organization\"},\"potentialAction\":[{\"@type\":\"SearchAction\",\"target\":{\"@type\":\"EntryPoint\",\"urlTemplate\":\"https:\\\/\\\/www.icasque.com\\\/liveloveride\\\/?s={search_term_string}\"},\"query-input\":{\"@type\":\"PropertyValueSpecification\",\"valueRequired\":true,\"valueName\":\"search_term_string\"}}],\"inLanguage\":\"fr-FR\"},{\"@type\":\"Organization\",\"@id\":\"https:\\\/\\\/www.icasque.com\\\/liveloveride\\\/#organization\",\"name\":\"ICC\",\"url\":\"https:\\\/\\\/www.icasque.com\\\/liveloveride\\\/\",\"logo\":{\"@type\":\"ImageObject\",\"inLanguage\":\"fr-FR\",\"@id\":\"https:\\\/\\\/www.icasque.com\\\/liveloveride\\\/#\\\/schema\\\/logo\\\/image\\\/\",\"url\":\"https:\\\/\\\/www.icasque.com\\\/liveloveride\\\/wp-content\\\/uploads\\\/2018\\\/02\\\/logo-icasque_1200x1200-e1519038889300.jpg\",\"contentUrl\":\"https:\\\/\\\/www.icasque.com\\\/liveloveride\\\/wp-content\\\/uploads\\\/2018\\\/02\\\/logo-icasque_1200x1200-e1519038889300.jpg\",\"width\":150,\"height\":150,\"caption\":\"ICC\"},\"image\":{\"@id\":\"https:\\\/\\\/www.icasque.com\\\/liveloveride\\\/#\\\/schema\\\/logo\\\/image\\\/\"}}]}<\/script>\n<!-- \/ Yoast SEO plugin. -->","yoast_head_json":{"title":"Bien entretenir son \u00e9quipement moto : Conseils et astuces","description":"Bien entretenir votre \u00e9quipement moto allongera la dur\u00e9e de vie de celui-ci \u00e0 condition que vous appliquiez les bonnes m\u00e9thodes ! Comment redonner de la brillance \u00e0 son blouson moto en cuir, quels produits d'entretien pour des \u00e9quipements en textile, assainir ses gants moto ... vous recherchez des conseils pour entretenir votre \u00e9quipement moto, suivez le guide !","robots":{"index":"index","follow":"follow","max-snippet":"max-snippet:-1","max-image-preview":"max-image-preview:large","max-video-preview":"max-video-preview:-1"},"canonical":"https:\/\/www.icasque.com\/liveloveride\/entretenir\/entretien-equipement-moto\/","og_locale":"fr_FR","og_type":"article","og_title":"Bien entretenir son \u00e9quipement moto : Conseils et astuces","og_description":"Bien entretenir votre \u00e9quipement moto allongera la dur\u00e9e de vie de celui-ci \u00e0 condition que vous appliquiez les bonnes m\u00e9thodes ! Comment redonner de la brillance \u00e0 son blouson moto en cuir, quels produits d'entretien pour des \u00e9quipements en textile, assainir ses gants moto ... vous recherchez des conseils pour entretenir votre \u00e9quipement moto, suivez le guide !","og_url":"https:\/\/www.icasque.com\/liveloveride\/entretenir\/entretien-equipement-moto\/","og_site_name":"Le blog iCasque","article_modified_time":"2024-11-06T11:13:23+00:00","og_image":[{"width":600,"height":338,"url":"https:\/\/www.icasque.com\/liveloveride\/wp-content\/uploads\/2018\/02\/nettoyage-et-entretien.png","type":"image\/png"}],"twitter_card":"summary_large_image","twitter_misc":{"Dur\u00e9e de lecture estim\u00e9e":"1 minute"},"schema":{"@context":"https:\/\/schema.org","@graph":[{"@type":"WebPage","@id":"https:\/\/www.icasque.com\/liveloveride\/entretenir\/entretien-equipement-moto\/","url":"https:\/\/www.icasque.com\/liveloveride\/entretenir\/entretien-equipement-moto\/","name":"Bien entretenir son \u00e9quipement moto : Conseils et astuces","isPartOf":{"@id":"https:\/\/www.icasque.com\/liveloveride\/#website"},"primaryImageOfPage":{"@id":"https:\/\/www.icasque.com\/liveloveride\/entretenir\/entretien-equipement-moto\/#primaryimage"},"image":{"@id":"https:\/\/www.icasque.com\/liveloveride\/entretenir\/entretien-equipement-moto\/#primaryimage"},"thumbnailUrl":"https:\/\/www.icasque.com\/liveloveride\/wp-content\/uploads\/2018\/02\/nettoyage-et-entretien.png","datePublished":"2018-02-20T15:13:05+00:00","dateModified":"2024-11-06T11:13:23+00:00","description":"Bien entretenir votre \u00e9quipement moto allongera la dur\u00e9e de vie de celui-ci \u00e0 condition que vous appliquiez les bonnes m\u00e9thodes ! Comment redonner de la brillance \u00e0 son blouson moto en cuir, quels produits d'entretien pour des \u00e9quipements en textile, assainir ses gants moto ... vous recherchez des conseils pour entretenir votre \u00e9quipement moto, suivez le guide !","breadcrumb":{"@id":"https:\/\/www.icasque.com\/liveloveride\/entretenir\/entretien-equipement-moto\/#breadcrumb"},"inLanguage":"fr-FR","potentialAction":[{"@type":"ReadAction","target":["https:\/\/www.icasque.com\/liveloveride\/entretenir\/entretien-equipement-moto\/"]}]},{"@type":"ImageObject","inLanguage":"fr-FR","@id":"https:\/\/www.icasque.com\/liveloveride\/entretenir\/entretien-equipement-moto\/#primaryimage","url":"https:\/\/www.icasque.com\/liveloveride\/wp-content\/uploads\/2018\/02\/nettoyage-et-entretien.png","contentUrl":"https:\/\/www.icasque.com\/liveloveride\/wp-content\/uploads\/2018\/02\/nettoyage-et-entretien.png","width":600,"height":338,"caption":"nettoyage et entretien"},{"@type":"BreadcrumbList","@id":"https:\/\/www.icasque.com\/liveloveride\/entretenir\/entretien-equipement-moto\/#breadcrumb","itemListElement":[{"@type":"ListItem","position":1,"name":"Accueil","item":"https:\/\/www.icasque.com\/liveloveride\/"},{"@type":"ListItem","position":2,"name":"Entretenir","item":"https:\/\/www.icasque.com\/liveloveride\/entretenir\/"},{"@type":"ListItem","position":3,"name":"Entretien equipement moto"}]},{"@type":"WebSite","@id":"https:\/\/www.icasque.com\/liveloveride\/#website","url":"https:\/\/www.icasque.com\/liveloveride\/","name":"Le blog iCasque","description":"Le blog moto","publisher":{"@id":"https:\/\/www.icasque.com\/liveloveride\/#organization"},"potentialAction":[{"@type":"SearchAction","target":{"@type":"EntryPoint","urlTemplate":"https:\/\/www.icasque.com\/liveloveride\/?s={search_term_string}"},"query-input":{"@type":"PropertyValueSpecification","valueRequired":true,"valueName":"search_term_string"}}],"inLanguage":"fr-FR"},{"@type":"Organization","@id":"https:\/\/www.icasque.com\/liveloveride\/#organization","name":"ICC","url":"https:\/\/www.icasque.com\/liveloveride\/","logo":{"@type":"ImageObject","inLanguage":"fr-FR","@id":"https:\/\/www.icasque.com\/liveloveride\/#\/schema\/logo\/image\/","url":"https:\/\/www.icasque.com\/liveloveride\/wp-content\/uploads\/2018\/02\/logo-icasque_1200x1200-e1519038889300.jpg","contentUrl":"https:\/\/www.icasque.com\/liveloveride\/wp-content\/uploads\/2018\/02\/logo-icasque_1200x1200-e1519038889300.jpg","width":150,"height":150,"caption":"ICC"},"image":{"@id":"https:\/\/www.icasque.com\/liveloveride\/#\/schema\/logo\/image\/"}}]}},"_links":{"self":[{"href":"https:\/\/www.icasque.com\/liveloveride\/wp-json\/wp\/v2\/pages\/4524","targetHints":{"allow":["GET"]}}],"collection":[{"href":"https:\/\/www.icasque.com\/liveloveride\/wp-json\/wp\/v2\/pages"}],"about":[{"href":"https:\/\/www.icasque.com\/liveloveride\/wp-json\/wp\/v2\/types\/page"}],"author":[{"embeddable":true,"href":"https:\/\/www.icasque.com\/liveloveride\/wp-json\/wp\/v2\/users\/6"}],"replies":[{"embeddable":true,"href":"https:\/\/www.icasque.com\/liveloveride\/wp-json\/wp\/v2\/comments?post=4524"}],"version-history":[{"count":11,"href":"https:\/\/www.icasque.com\/liveloveride\/wp-json\/wp\/v2\/pages\/4524\/revisions"}],"predecessor-version":[{"id":12616,"href":"https:\/\/www.icasque.com\/liveloveride\/wp-json\/wp\/v2\/pages\/4524\/revisions\/12616"}],"up":[{"embeddable":true,"href":"https:\/\/www.icasque.com\/liveloveride\/wp-json\/wp\/v2\/pages\/4518"}],"wp:featuredmedia":[{"embeddable":true,"href":"https:\/\/www.icasque.com\/liveloveride\/wp-json\/wp\/v2\/media\/5315"}],"wp:attachment":[{"href":"https:\/\/www.icasque.com\/liveloveride\/wp-json\/wp\/v2\/media?parent=4524"}],"curies":[{"name":"wp","href":"https:\/\/api.w.org\/{rel}","templated":true}]}}