{"id":4544,"date":"2018-02-21T10:03:37","date_gmt":"2018-02-21T09:03:37","guid":{"rendered":"http:\/\/localhost:8888\/wordpress\/?page_id=4544"},"modified":"2018-02-27T16:32:25","modified_gmt":"2018-02-27T15:32:25","slug":"evenements","status":"publish","type":"page","link":"https:\/\/www.icasque.com\/liveloveride\/sinformer\/evenements\/","title":{"rendered":"Evenements"},"content":{"rendered":"\t\t<div data-elementor-type=\"wp-post\" data-elementor-id=\"4544\" class=\"elementor elementor-4544 elementor-bc-flex-widget\">\n\t\t\t\t\t\t<section class=\"elementor-section elementor-top-section elementor-element elementor-element-bb11de9 elementor-section-boxed elementor-section-height-default elementor-section-height-default\" data-id=\"bb11de9\" data-element_type=\"section\" data-e-type=\"section\">\n\t\t\t\t\t\t<div class=\"elementor-container elementor-column-gap-default\">\n\t\t\t\t\t<div class=\"elementor-column elementor-col-100 elementor-top-column elementor-element elementor-element-0098309\" data-id=\"0098309\" data-element_type=\"column\" data-e-type=\"column\">\n\t\t\t<div class=\"elementor-widget-wrap elementor-element-populated\">\n\t\t\t\t\t\t<div class=\"elementor-element elementor-element-7c30979 elementor-widget elementor-widget-heading\" data-id=\"7c30979\" data-element_type=\"widget\" data-e-type=\"widget\" data-widget_type=\"heading.default\">\n\t\t\t\t<div class=\"elementor-widget-container\">\n\t\t\t\t\t<h2 class=\"elementor-heading-title elementor-size-default\">Ev\u00e8nements moto ! incontournable ou insolite, d\u00e9couvrez l'agenda iCasque<\/h2>\t\t\t\t<\/div>\n\t\t\t\t<\/div>\n\t\t\t\t<div class=\"elementor-element elementor-element-48c3f48 elementor-widget elementor-widget-spacer\" data-id=\"48c3f48\" data-element_type=\"widget\" data-e-type=\"widget\" data-widget_type=\"spacer.default\">\n\t\t\t\t<div class=\"elementor-widget-container\">\n\t\t\t\t\t\t\t<div class=\"elementor-spacer\">\n\t\t\t<div class=\"elementor-spacer-inner\"><\/div>\n\t\t<\/div>\n\t\t\t\t\t\t<\/div>\n\t\t\t\t<\/div>\n\t\t\t\t<div class=\"elementor-element elementor-element-af3756b elementor-widget elementor-widget-text-editor\" data-id=\"af3756b\" data-element_type=\"widget\" data-e-type=\"widget\" data-widget_type=\"text-editor.default\">\n\t\t\t\t<div class=\"elementor-widget-container\">\n\t\t\t\t\t\t\t\t\t<p>Se rendre sur des \u00e9v\u00e8nements moto c&#8217;est vraiment quelque chose que l&#8217;on adore ! Bien que l&#8217;on soit des passionn\u00e9s, ce n&#8217;est pas toujours possible d&#8217;aller partout mais pourquoi pas vivre l&#8217;\u00e9v\u00e8nement par procuration ? C&#8217;est en partie ce que l&#8217;on vous propose ici ! Des r\u00e9sum\u00e9 des \u00e9v\u00e8nements moto sur lesquels nous nous sommes rendus mais pas que &#8230;\u00a0<\/p><p>Si nous n&#8217;avons pas pu nous d\u00e9placer mais que l&#8217;\u00e9v\u00e8nement moto a attir\u00e9 notre attention alors on en parlera pour tous vous en faire profiter et peut-\u00eatre m\u00eame vous faire d\u00e9couvrir des \u00e9v\u00e8nements moto proche de chez vous dont vous ne connaissiez pas l&#8217;existence.\u00a0<\/p>\t\t\t\t\t\t\t\t<\/div>\n\t\t\t\t<\/div>\n\t\t\t\t<div class=\"elementor-element elementor-element-2322c36 elementor-widget elementor-widget-posts\" data-id=\"2322c36\" data-element_type=\"widget\" data-e-type=\"widget\" data-widget_type=\"posts.cards\">\n\t\t\t\t<div class=\"elementor-widget-container\">\n\t\t\t\t\t \t\t\t\t<\/div>\n\t\t\t\t<\/div>\n\t\t\t\t<div class=\"elementor-element elementor-element-425221d elementor-widget elementor-widget-spacer\" data-id=\"425221d\" data-element_type=\"widget\" data-e-type=\"widget\" data-widget_type=\"spacer.default\">\n\t\t\t\t<div class=\"elementor-widget-container\">\n\t\t\t\t\t\t\t<div class=\"elementor-spacer\">\n\t\t\t<div class=\"elementor-spacer-inner\"><\/div>\n\t\t<\/div>\n\t\t\t\t\t\t<\/div>\n\t\t\t\t<\/div>\n\t\t\t\t\t<\/div>\n\t\t<\/div>\n\t\t\t\t\t<\/div>\n\t\t<\/section>\n\t\t\t\t<\/div>\n\t\t","protected":false},"excerpt":{"rendered":"<p>Ev\u00e8nements moto ! incontournable ou insolite, d\u00e9couvrez l&#8217;agenda iCasque Se rendre sur des \u00e9v\u00e8nements moto c&#8217;est vraiment quelque chose que l&#8217;on adore ! Bien que l&#8217;on soit des passionn\u00e9s, ce n&#8217;est pas toujours possible d&#8217;aller partout mais pourquoi pas vivre l&#8217;\u00e9v\u00e8nement par procuration ? C&#8217;est en partie ce que l&#8217;on vous propose ici ! Des [&hellip;]<\/p>\n","protected":false},"author":6,"featured_media":0,"parent":4531,"menu_order":0,"comment_status":"closed","ping_status":"closed","template":"","meta":{"_lmt_disableupdate":"","_lmt_disable":"","footnotes":""},"class_list":["post-4544","page","type-page","status-publish","hentry"],"yoast_head":"<!-- This site is optimized with the Yoast SEO plugin v27.3 - https:\/\/yoast.com\/product\/yoast-seo-wordpress\/ -->\n<title>\u00c9v\u00e8nements moto : Bol d&#039;Or, salons moto ou festival | l&#039;agenda iCasque<\/title>\n<meta name=\"description\" content=\"D\u00e9couvrez tous les \u00e9v\u00e8nements moto qui ont attir\u00e9s notre attention ou ceux auxquels nous avons particip\u00e9 ! De l&#039;incontournable Bol d&#039;or \u00e0 l&#039;immense salon EICMA en passant par des festivals bien plus insolites tels que le dandy riders festival, ici c&#039;est la page agenda des motards\" \/>\n<meta name=\"robots\" content=\"index, follow, max-snippet:-1, max-image-preview:large, max-video-preview:-1\" \/>\n<link rel=\"canonical\" href=\"https:\/\/www.icasque.com\/liveloveride\/sinformer\/evenements\/\" \/>\n<meta property=\"og:locale\" content=\"fr_FR\" \/>\n<meta property=\"og:type\" content=\"article\" \/>\n<meta property=\"og:title\" content=\"\u00c9v\u00e8nements moto : Bol d&#039;Or, salons moto ou festival | l&#039;agenda iCasque\" \/>\n<meta property=\"og:description\" content=\"D\u00e9couvrez tous les \u00e9v\u00e8nements moto qui ont attir\u00e9s notre attention ou ceux auxquels nous avons particip\u00e9 ! De l&#039;incontournable Bol d&#039;or \u00e0 l&#039;immense salon EICMA en passant par des festivals bien plus insolites tels que le dandy riders festival, ici c&#039;est la page agenda des motards\" \/>\n<meta property=\"og:url\" content=\"https:\/\/www.icasque.com\/liveloveride\/sinformer\/evenements\/\" \/>\n<meta property=\"og:site_name\" content=\"Le blog iCasque\" \/>\n<meta property=\"article:modified_time\" content=\"2018-02-27T15:32:25+00:00\" \/>\n<meta property=\"og:image\" content=\"https:\/\/www.icasque.com\/liveloveride\/wp-content\/uploads\/2017\/09\/IMG_5155-2-1024x768.jpg\" \/>\n<meta name=\"twitter:card\" content=\"summary_large_image\" \/>\n<meta name=\"twitter:label1\" content=\"Dur\u00e9e de lecture estim\u00e9e\" \/>\n\t<meta name=\"twitter:data1\" content=\"1 minute\" \/>\n<script type=\"application\/ld+json\" class=\"yoast-schema-graph\">{\"@context\":\"https:\\\/\\\/schema.org\",\"@graph\":[{\"@type\":\"WebPage\",\"@id\":\"https:\\\/\\\/www.icasque.com\\\/liveloveride\\\/sinformer\\\/evenements\\\/\",\"url\":\"https:\\\/\\\/www.icasque.com\\\/liveloveride\\\/sinformer\\\/evenements\\\/\",\"name\":\"\u00c9v\u00e8nements moto : Bol d'Or, salons moto ou festival | l'agenda iCasque\",\"isPartOf\":{\"@id\":\"https:\\\/\\\/www.icasque.com\\\/liveloveride\\\/#website\"},\"primaryImageOfPage\":{\"@id\":\"https:\\\/\\\/www.icasque.com\\\/liveloveride\\\/sinformer\\\/evenements\\\/#primaryimage\"},\"image\":{\"@id\":\"https:\\\/\\\/www.icasque.com\\\/liveloveride\\\/sinformer\\\/evenements\\\/#primaryimage\"},\"thumbnailUrl\":\"https:\\\/\\\/www.icasque.com\\\/liveloveride\\\/wp-content\\\/uploads\\\/2017\\\/09\\\/IMG_5155-2-1024x768.jpg\",\"datePublished\":\"2018-02-21T09:03:37+00:00\",\"dateModified\":\"2018-02-27T15:32:25+00:00\",\"description\":\"D\u00e9couvrez tous les \u00e9v\u00e8nements moto qui ont attir\u00e9s notre attention ou ceux auxquels nous avons particip\u00e9 ! De l'incontournable Bol d'or \u00e0 l'immense salon EICMA en passant par des festivals bien plus insolites tels que le dandy riders festival, ici c'est la page agenda des motards\",\"breadcrumb\":{\"@id\":\"https:\\\/\\\/www.icasque.com\\\/liveloveride\\\/sinformer\\\/evenements\\\/#breadcrumb\"},\"inLanguage\":\"fr-FR\",\"potentialAction\":[{\"@type\":\"ReadAction\",\"target\":[\"https:\\\/\\\/www.icasque.com\\\/liveloveride\\\/sinformer\\\/evenements\\\/\"]}]},{\"@type\":\"ImageObject\",\"inLanguage\":\"fr-FR\",\"@id\":\"https:\\\/\\\/www.icasque.com\\\/liveloveride\\\/sinformer\\\/evenements\\\/#primaryimage\",\"url\":\"https:\\\/\\\/www.icasque.com\\\/liveloveride\\\/wp-content\\\/uploads\\\/2017\\\/09\\\/IMG_5155-2.jpg\",\"contentUrl\":\"https:\\\/\\\/www.icasque.com\\\/liveloveride\\\/wp-content\\\/uploads\\\/2017\\\/09\\\/IMG_5155-2.jpg\",\"width\":1200,\"height\":900,\"caption\":\"IMG 5155 2\"},{\"@type\":\"BreadcrumbList\",\"@id\":\"https:\\\/\\\/www.icasque.com\\\/liveloveride\\\/sinformer\\\/evenements\\\/#breadcrumb\",\"itemListElement\":[{\"@type\":\"ListItem\",\"position\":1,\"name\":\"Accueil\",\"item\":\"https:\\\/\\\/www.icasque.com\\\/liveloveride\\\/\"},{\"@type\":\"ListItem\",\"position\":2,\"name\":\"S&#8217;informer\",\"item\":\"https:\\\/\\\/www.icasque.com\\\/liveloveride\\\/sinformer\\\/\"},{\"@type\":\"ListItem\",\"position\":3,\"name\":\"Evenements\"}]},{\"@type\":\"WebSite\",\"@id\":\"https:\\\/\\\/www.icasque.com\\\/liveloveride\\\/#website\",\"url\":\"https:\\\/\\\/www.icasque.com\\\/liveloveride\\\/\",\"name\":\"Le blog iCasque\",\"description\":\"Le blog moto\",\"publisher\":{\"@id\":\"https:\\\/\\\/www.icasque.com\\\/liveloveride\\\/#organization\"},\"potentialAction\":[{\"@type\":\"SearchAction\",\"target\":{\"@type\":\"EntryPoint\",\"urlTemplate\":\"https:\\\/\\\/www.icasque.com\\\/liveloveride\\\/?s={search_term_string}\"},\"query-input\":{\"@type\":\"PropertyValueSpecification\",\"valueRequired\":true,\"valueName\":\"search_term_string\"}}],\"inLanguage\":\"fr-FR\"},{\"@type\":\"Organization\",\"@id\":\"https:\\\/\\\/www.icasque.com\\\/liveloveride\\\/#organization\",\"name\":\"ICC\",\"url\":\"https:\\\/\\\/www.icasque.com\\\/liveloveride\\\/\",\"logo\":{\"@type\":\"ImageObject\",\"inLanguage\":\"fr-FR\",\"@id\":\"https:\\\/\\\/www.icasque.com\\\/liveloveride\\\/#\\\/schema\\\/logo\\\/image\\\/\",\"url\":\"https:\\\/\\\/www.icasque.com\\\/liveloveride\\\/wp-content\\\/uploads\\\/2018\\\/02\\\/logo-icasque_1200x1200-e1519038889300.jpg\",\"contentUrl\":\"https:\\\/\\\/www.icasque.com\\\/liveloveride\\\/wp-content\\\/uploads\\\/2018\\\/02\\\/logo-icasque_1200x1200-e1519038889300.jpg\",\"width\":150,\"height\":150,\"caption\":\"ICC\"},\"image\":{\"@id\":\"https:\\\/\\\/www.icasque.com\\\/liveloveride\\\/#\\\/schema\\\/logo\\\/image\\\/\"}}]}<\/script>\n<!-- \/ Yoast SEO plugin. -->","yoast_head_json":{"title":"\u00c9v\u00e8nements moto : Bol d'Or, salons moto ou festival | l'agenda iCasque","description":"D\u00e9couvrez tous les \u00e9v\u00e8nements moto qui ont attir\u00e9s notre attention ou ceux auxquels nous avons particip\u00e9 ! De l'incontournable Bol d'or \u00e0 l'immense salon EICMA en passant par des festivals bien plus insolites tels que le dandy riders festival, ici c'est la page agenda des motards","robots":{"index":"index","follow":"follow","max-snippet":"max-snippet:-1","max-image-preview":"max-image-preview:large","max-video-preview":"max-video-preview:-1"},"canonical":"https:\/\/www.icasque.com\/liveloveride\/sinformer\/evenements\/","og_locale":"fr_FR","og_type":"article","og_title":"\u00c9v\u00e8nements moto : Bol d'Or, salons moto ou festival | l'agenda iCasque","og_description":"D\u00e9couvrez tous les \u00e9v\u00e8nements moto qui ont attir\u00e9s notre attention ou ceux auxquels nous avons particip\u00e9 ! De l'incontournable Bol d'or \u00e0 l'immense salon EICMA en passant par des festivals bien plus insolites tels que le dandy riders festival, ici c'est la page agenda des motards","og_url":"https:\/\/www.icasque.com\/liveloveride\/sinformer\/evenements\/","og_site_name":"Le blog iCasque","article_modified_time":"2018-02-27T15:32:25+00:00","og_image":[{"url":"https:\/\/www.icasque.com\/liveloveride\/wp-content\/uploads\/2017\/09\/IMG_5155-2-1024x768.jpg","type":"","width":"","height":""}],"twitter_card":"summary_large_image","twitter_misc":{"Dur\u00e9e de lecture estim\u00e9e":"1 minute"},"schema":{"@context":"https:\/\/schema.org","@graph":[{"@type":"WebPage","@id":"https:\/\/www.icasque.com\/liveloveride\/sinformer\/evenements\/","url":"https:\/\/www.icasque.com\/liveloveride\/sinformer\/evenements\/","name":"\u00c9v\u00e8nements moto : Bol d'Or, salons moto ou festival | l'agenda iCasque","isPartOf":{"@id":"https:\/\/www.icasque.com\/liveloveride\/#website"},"primaryImageOfPage":{"@id":"https:\/\/www.icasque.com\/liveloveride\/sinformer\/evenements\/#primaryimage"},"image":{"@id":"https:\/\/www.icasque.com\/liveloveride\/sinformer\/evenements\/#primaryimage"},"thumbnailUrl":"https:\/\/www.icasque.com\/liveloveride\/wp-content\/uploads\/2017\/09\/IMG_5155-2-1024x768.jpg","datePublished":"2018-02-21T09:03:37+00:00","dateModified":"2018-02-27T15:32:25+00:00","description":"D\u00e9couvrez tous les \u00e9v\u00e8nements moto qui ont attir\u00e9s notre attention ou ceux auxquels nous avons particip\u00e9 ! De l'incontournable Bol d'or \u00e0 l'immense salon EICMA en passant par des festivals bien plus insolites tels que le dandy riders festival, ici c'est la page agenda des motards","breadcrumb":{"@id":"https:\/\/www.icasque.com\/liveloveride\/sinformer\/evenements\/#breadcrumb"},"inLanguage":"fr-FR","potentialAction":[{"@type":"ReadAction","target":["https:\/\/www.icasque.com\/liveloveride\/sinformer\/evenements\/"]}]},{"@type":"ImageObject","inLanguage":"fr-FR","@id":"https:\/\/www.icasque.com\/liveloveride\/sinformer\/evenements\/#primaryimage","url":"https:\/\/www.icasque.com\/liveloveride\/wp-content\/uploads\/2017\/09\/IMG_5155-2.jpg","contentUrl":"https:\/\/www.icasque.com\/liveloveride\/wp-content\/uploads\/2017\/09\/IMG_5155-2.jpg","width":1200,"height":900,"caption":"IMG 5155 2"},{"@type":"BreadcrumbList","@id":"https:\/\/www.icasque.com\/liveloveride\/sinformer\/evenements\/#breadcrumb","itemListElement":[{"@type":"ListItem","position":1,"name":"Accueil","item":"https:\/\/www.icasque.com\/liveloveride\/"},{"@type":"ListItem","position":2,"name":"S&#8217;informer","item":"https:\/\/www.icasque.com\/liveloveride\/sinformer\/"},{"@type":"ListItem","position":3,"name":"Evenements"}]},{"@type":"WebSite","@id":"https:\/\/www.icasque.com\/liveloveride\/#website","url":"https:\/\/www.icasque.com\/liveloveride\/","name":"Le blog iCasque","description":"Le blog moto","publisher":{"@id":"https:\/\/www.icasque.com\/liveloveride\/#organization"},"potentialAction":[{"@type":"SearchAction","target":{"@type":"EntryPoint","urlTemplate":"https:\/\/www.icasque.com\/liveloveride\/?s={search_term_string}"},"query-input":{"@type":"PropertyValueSpecification","valueRequired":true,"valueName":"search_term_string"}}],"inLanguage":"fr-FR"},{"@type":"Organization","@id":"https:\/\/www.icasque.com\/liveloveride\/#organization","name":"ICC","url":"https:\/\/www.icasque.com\/liveloveride\/","logo":{"@type":"ImageObject","inLanguage":"fr-FR","@id":"https:\/\/www.icasque.com\/liveloveride\/#\/schema\/logo\/image\/","url":"https:\/\/www.icasque.com\/liveloveride\/wp-content\/uploads\/2018\/02\/logo-icasque_1200x1200-e1519038889300.jpg","contentUrl":"https:\/\/www.icasque.com\/liveloveride\/wp-content\/uploads\/2018\/02\/logo-icasque_1200x1200-e1519038889300.jpg","width":150,"height":150,"caption":"ICC"},"image":{"@id":"https:\/\/www.icasque.com\/liveloveride\/#\/schema\/logo\/image\/"}}]}},"_links":{"self":[{"href":"https:\/\/www.icasque.com\/liveloveride\/wp-json\/wp\/v2\/pages\/4544","targetHints":{"allow":["GET"]}}],"collection":[{"href":"https:\/\/www.icasque.com\/liveloveride\/wp-json\/wp\/v2\/pages"}],"about":[{"href":"https:\/\/www.icasque.com\/liveloveride\/wp-json\/wp\/v2\/types\/page"}],"author":[{"embeddable":true,"href":"https:\/\/www.icasque.com\/liveloveride\/wp-json\/wp\/v2\/users\/6"}],"replies":[{"embeddable":true,"href":"https:\/\/www.icasque.com\/liveloveride\/wp-json\/wp\/v2\/comments?post=4544"}],"version-history":[{"count":5,"href":"https:\/\/www.icasque.com\/liveloveride\/wp-json\/wp\/v2\/pages\/4544\/revisions"}],"predecessor-version":[{"id":5346,"href":"https:\/\/www.icasque.com\/liveloveride\/wp-json\/wp\/v2\/pages\/4544\/revisions\/5346"}],"up":[{"embeddable":true,"href":"https:\/\/www.icasque.com\/liveloveride\/wp-json\/wp\/v2\/pages\/4531"}],"wp:attachment":[{"href":"https:\/\/www.icasque.com\/liveloveride\/wp-json\/wp\/v2\/media?parent=4544"}],"curies":[{"name":"wp","href":"https:\/\/api.w.org\/{rel}","templated":true}]}}