{"id":5882,"date":"2018-04-03T18:23:36","date_gmt":"2018-04-03T16:23:36","guid":{"rendered":"https:\/\/blog.icasque.com\/?page_id=5882"},"modified":"2018-05-03T11:35:58","modified_gmt":"2018-05-03T09:35:58","slug":"informations-legales-cgu","status":"publish","type":"page","link":"https:\/\/www.icasque.com\/liveloveride\/informations-legales-cgu\/","title":{"rendered":"Informations l\u00e9gales \/ CGU"},"content":{"rendered":"<p>Ce blog est \u00e9dit\u00e9 par la soci\u00e9t\u00e9 ICC S.A.S. (Internet Creative Company), dont le si\u00e8ge social est situ\u00e9 28 rue Barla, 06300 Nice, inscrite au RCS de Nice sous le num\u00e9ro 521 534 917 000 13.<\/p>\n<p>Le blog iCasque.com est con\u00e7u et h\u00e9berg\u00e9 par la soci\u00e9t\u00e9 ICC S.A.S.<\/p>\n<p>Cr\u00e9\u00e9 afin de vous proposer diverses informations et actualit\u00e9s du monde du deux-roues, le blog iCasque.com se veut espace d&#8217;expression et d&#8217;\u00e9change, o\u00f9 vos commentaires &#8211; respectant certaines r\u00e8gles &#8211; sont les bienvenus.<\/p>\n<p>Il va de soit que seront proscrits tous commentaires \u00e0\u00a0 caract\u00e8re diffamatoire, injurieux, raciste, pornographique ou manifestement illicite, tout autant que les messages publicitaires.<\/p>\n<p>Ainsi, avant toute mise en ligne, vos commentaires seront soumis \u00e0\u00a0 mod\u00e9ration dans les meilleurs d\u00e9lais.<\/p>\n<p>Le blog iCasque.com n&#8217;a pas non plus pour vocation de traiter les demandes relevant du service client, pour toute demande de ce type nous vous remercions de contacter notre Service Client.<\/p>\n<p>Nous ne pr\u00e9tendons pas r\u00e9volutionner quoi que ce soit, simplement partager avec vous les actualit\u00e9s qui nous font vibrer, les informations indispensables \u00e0 la pratique du deux-roues tout autant que celles insolites qui nous font marrer.<\/p>\n<p>Bienvenue \u00e0\u00a0 tous, bonne lecture et bonne route !<\/p>\n","protected":false},"excerpt":{"rendered":"<p>Ce blog est \u00e9dit\u00e9 par la soci\u00e9t\u00e9 ICC S.A.S. (Internet Creative Company), dont le si\u00e8ge social est situ\u00e9 28 rue Barla, 06300 Nice, inscrite au RCS de Nice sous le num\u00e9ro 521 534 917 000 13. Le blog iCasque.com est con\u00e7u et h\u00e9berg\u00e9 par la soci\u00e9t\u00e9 ICC S.A.S. Cr\u00e9\u00e9 afin de vous proposer diverses informations [&hellip;]<\/p>\n","protected":false},"author":6,"featured_media":0,"parent":0,"menu_order":0,"comment_status":"closed","ping_status":"closed","template":"","meta":{"_lmt_disableupdate":"","_lmt_disable":"","footnotes":""},"class_list":["post-5882","page","type-page","status-publish","hentry"],"yoast_head":"<!-- This site is optimized with the Yoast SEO plugin v27.5 - https:\/\/yoast.com\/product\/yoast-seo-wordpress\/ -->\n<title>Informations l\u00e9gales \/ CGU<\/title>\n<meta name=\"robots\" content=\"index, follow, max-snippet:-1, max-image-preview:large, max-video-preview:-1\" \/>\n<link rel=\"canonical\" href=\"https:\/\/www.icasque.com\/liveloveride\/informations-legales-cgu\/\" \/>\n<meta property=\"og:locale\" content=\"fr_FR\" \/>\n<meta property=\"og:type\" content=\"article\" \/>\n<meta property=\"og:title\" content=\"Informations l\u00e9gales \/ CGU\" \/>\n<meta property=\"og:description\" content=\"Ce blog est \u00e9dit\u00e9 par la soci\u00e9t\u00e9 ICC S.A.S. (Internet Creative Company), dont le si\u00e8ge social est situ\u00e9 28 rue Barla, 06300 Nice, inscrite au RCS de Nice sous le num\u00e9ro 521 534 917 000 13. Le blog iCasque.com est con\u00e7u et h\u00e9berg\u00e9 par la soci\u00e9t\u00e9 ICC S.A.S. Cr\u00e9\u00e9 afin de vous proposer diverses informations [&hellip;]\" \/>\n<meta property=\"og:url\" content=\"https:\/\/www.icasque.com\/liveloveride\/informations-legales-cgu\/\" \/>\n<meta property=\"og:site_name\" content=\"Le blog iCasque\" \/>\n<meta property=\"article:modified_time\" content=\"2018-05-03T09:35:58+00:00\" \/>\n<meta name=\"twitter:card\" content=\"summary_large_image\" \/>\n<meta name=\"twitter:label1\" content=\"Dur\u00e9e de lecture estim\u00e9e\" \/>\n\t<meta name=\"twitter:data1\" content=\"1 minute\" \/>\n<script type=\"application\/ld+json\" class=\"yoast-schema-graph\">{\"@context\":\"https:\\\/\\\/schema.org\",\"@graph\":[{\"@type\":\"WebPage\",\"@id\":\"https:\\\/\\\/www.icasque.com\\\/liveloveride\\\/informations-legales-cgu\\\/\",\"url\":\"https:\\\/\\\/www.icasque.com\\\/liveloveride\\\/informations-legales-cgu\\\/\",\"name\":\"Informations l\u00e9gales \\\/ CGU\",\"isPartOf\":{\"@id\":\"https:\\\/\\\/www.icasque.com\\\/liveloveride\\\/#website\"},\"datePublished\":\"2018-04-03T16:23:36+00:00\",\"dateModified\":\"2018-05-03T09:35:58+00:00\",\"breadcrumb\":{\"@id\":\"https:\\\/\\\/www.icasque.com\\\/liveloveride\\\/informations-legales-cgu\\\/#breadcrumb\"},\"inLanguage\":\"fr-FR\",\"potentialAction\":[{\"@type\":\"ReadAction\",\"target\":[\"https:\\\/\\\/www.icasque.com\\\/liveloveride\\\/informations-legales-cgu\\\/\"]}]},{\"@type\":\"BreadcrumbList\",\"@id\":\"https:\\\/\\\/www.icasque.com\\\/liveloveride\\\/informations-legales-cgu\\\/#breadcrumb\",\"itemListElement\":[{\"@type\":\"ListItem\",\"position\":1,\"name\":\"Accueil\",\"item\":\"https:\\\/\\\/www.icasque.com\\\/liveloveride\\\/\"},{\"@type\":\"ListItem\",\"position\":2,\"name\":\"Informations l\u00e9gales \\\/ CGU\"}]},{\"@type\":\"WebSite\",\"@id\":\"https:\\\/\\\/www.icasque.com\\\/liveloveride\\\/#website\",\"url\":\"https:\\\/\\\/www.icasque.com\\\/liveloveride\\\/\",\"name\":\"Le blog iCasque\",\"description\":\"Le blog moto\",\"publisher\":{\"@id\":\"https:\\\/\\\/www.icasque.com\\\/liveloveride\\\/#organization\"},\"potentialAction\":[{\"@type\":\"SearchAction\",\"target\":{\"@type\":\"EntryPoint\",\"urlTemplate\":\"https:\\\/\\\/www.icasque.com\\\/liveloveride\\\/?s={search_term_string}\"},\"query-input\":{\"@type\":\"PropertyValueSpecification\",\"valueRequired\":true,\"valueName\":\"search_term_string\"}}],\"inLanguage\":\"fr-FR\"},{\"@type\":\"Organization\",\"@id\":\"https:\\\/\\\/www.icasque.com\\\/liveloveride\\\/#organization\",\"name\":\"ICC\",\"url\":\"https:\\\/\\\/www.icasque.com\\\/liveloveride\\\/\",\"logo\":{\"@type\":\"ImageObject\",\"inLanguage\":\"fr-FR\",\"@id\":\"https:\\\/\\\/www.icasque.com\\\/liveloveride\\\/#\\\/schema\\\/logo\\\/image\\\/\",\"url\":\"https:\\\/\\\/www.icasque.com\\\/liveloveride\\\/wp-content\\\/uploads\\\/2018\\\/02\\\/logo-icasque_1200x1200-e1519038889300.jpg\",\"contentUrl\":\"https:\\\/\\\/www.icasque.com\\\/liveloveride\\\/wp-content\\\/uploads\\\/2018\\\/02\\\/logo-icasque_1200x1200-e1519038889300.jpg\",\"width\":150,\"height\":150,\"caption\":\"ICC\"},\"image\":{\"@id\":\"https:\\\/\\\/www.icasque.com\\\/liveloveride\\\/#\\\/schema\\\/logo\\\/image\\\/\"}}]}<\/script>\n<!-- \/ Yoast SEO plugin. -->","yoast_head_json":{"title":"Informations l\u00e9gales \/ CGU","robots":{"index":"index","follow":"follow","max-snippet":"max-snippet:-1","max-image-preview":"max-image-preview:large","max-video-preview":"max-video-preview:-1"},"canonical":"https:\/\/www.icasque.com\/liveloveride\/informations-legales-cgu\/","og_locale":"fr_FR","og_type":"article","og_title":"Informations l\u00e9gales \/ CGU","og_description":"Ce blog est \u00e9dit\u00e9 par la soci\u00e9t\u00e9 ICC S.A.S. (Internet Creative Company), dont le si\u00e8ge social est situ\u00e9 28 rue Barla, 06300 Nice, inscrite au RCS de Nice sous le num\u00e9ro 521 534 917 000 13. Le blog iCasque.com est con\u00e7u et h\u00e9berg\u00e9 par la soci\u00e9t\u00e9 ICC S.A.S. Cr\u00e9\u00e9 afin de vous proposer diverses informations [&hellip;]","og_url":"https:\/\/www.icasque.com\/liveloveride\/informations-legales-cgu\/","og_site_name":"Le blog iCasque","article_modified_time":"2018-05-03T09:35:58+00:00","twitter_card":"summary_large_image","twitter_misc":{"Dur\u00e9e de lecture estim\u00e9e":"1 minute"},"schema":{"@context":"https:\/\/schema.org","@graph":[{"@type":"WebPage","@id":"https:\/\/www.icasque.com\/liveloveride\/informations-legales-cgu\/","url":"https:\/\/www.icasque.com\/liveloveride\/informations-legales-cgu\/","name":"Informations l\u00e9gales \/ CGU","isPartOf":{"@id":"https:\/\/www.icasque.com\/liveloveride\/#website"},"datePublished":"2018-04-03T16:23:36+00:00","dateModified":"2018-05-03T09:35:58+00:00","breadcrumb":{"@id":"https:\/\/www.icasque.com\/liveloveride\/informations-legales-cgu\/#breadcrumb"},"inLanguage":"fr-FR","potentialAction":[{"@type":"ReadAction","target":["https:\/\/www.icasque.com\/liveloveride\/informations-legales-cgu\/"]}]},{"@type":"BreadcrumbList","@id":"https:\/\/www.icasque.com\/liveloveride\/informations-legales-cgu\/#breadcrumb","itemListElement":[{"@type":"ListItem","position":1,"name":"Accueil","item":"https:\/\/www.icasque.com\/liveloveride\/"},{"@type":"ListItem","position":2,"name":"Informations l\u00e9gales \/ CGU"}]},{"@type":"WebSite","@id":"https:\/\/www.icasque.com\/liveloveride\/#website","url":"https:\/\/www.icasque.com\/liveloveride\/","name":"Le blog iCasque","description":"Le blog moto","publisher":{"@id":"https:\/\/www.icasque.com\/liveloveride\/#organization"},"potentialAction":[{"@type":"SearchAction","target":{"@type":"EntryPoint","urlTemplate":"https:\/\/www.icasque.com\/liveloveride\/?s={search_term_string}"},"query-input":{"@type":"PropertyValueSpecification","valueRequired":true,"valueName":"search_term_string"}}],"inLanguage":"fr-FR"},{"@type":"Organization","@id":"https:\/\/www.icasque.com\/liveloveride\/#organization","name":"ICC","url":"https:\/\/www.icasque.com\/liveloveride\/","logo":{"@type":"ImageObject","inLanguage":"fr-FR","@id":"https:\/\/www.icasque.com\/liveloveride\/#\/schema\/logo\/image\/","url":"https:\/\/www.icasque.com\/liveloveride\/wp-content\/uploads\/2018\/02\/logo-icasque_1200x1200-e1519038889300.jpg","contentUrl":"https:\/\/www.icasque.com\/liveloveride\/wp-content\/uploads\/2018\/02\/logo-icasque_1200x1200-e1519038889300.jpg","width":150,"height":150,"caption":"ICC"},"image":{"@id":"https:\/\/www.icasque.com\/liveloveride\/#\/schema\/logo\/image\/"}}]}},"_links":{"self":[{"href":"https:\/\/www.icasque.com\/liveloveride\/wp-json\/wp\/v2\/pages\/5882","targetHints":{"allow":["GET"]}}],"collection":[{"href":"https:\/\/www.icasque.com\/liveloveride\/wp-json\/wp\/v2\/pages"}],"about":[{"href":"https:\/\/www.icasque.com\/liveloveride\/wp-json\/wp\/v2\/types\/page"}],"author":[{"embeddable":true,"href":"https:\/\/www.icasque.com\/liveloveride\/wp-json\/wp\/v2\/users\/6"}],"replies":[{"embeddable":true,"href":"https:\/\/www.icasque.com\/liveloveride\/wp-json\/wp\/v2\/comments?post=5882"}],"version-history":[{"count":3,"href":"https:\/\/www.icasque.com\/liveloveride\/wp-json\/wp\/v2\/pages\/5882\/revisions"}],"predecessor-version":[{"id":5922,"href":"https:\/\/www.icasque.com\/liveloveride\/wp-json\/wp\/v2\/pages\/5882\/revisions\/5922"}],"wp:attachment":[{"href":"https:\/\/www.icasque.com\/liveloveride\/wp-json\/wp\/v2\/media?parent=5882"}],"curies":[{"name":"wp","href":"https:\/\/api.w.org\/{rel}","templated":true}]}}